{"id":1931,"date":"2024-08-16T15:41:39","date_gmt":"2024-08-16T13:41:39","guid":{"rendered":"https:\/\/brigittasimon.com\/?page_id=1931"},"modified":"2024-08-16T16:40:30","modified_gmt":"2024-08-16T14:40:30","slug":"book","status":"publish","type":"page","link":"https:\/\/brigittasimon.com\/de\/book\/","title":{"rendered":"Buch"},"content":{"rendered":"\t\t<div data-elementor-type=\"wp-page\" data-elementor-id=\"1931\" class=\"elementor elementor-1931\" data-elementor-post-type=\"page\">\n\t\t\t\t<div class=\"elementor-element elementor-element-196bd00 e-flex e-con-boxed e-con e-parent\" data-id=\"196bd00\" data-element_type=\"container\" data-e-type=\"container\">\n\t\t\t\t\t<div class=\"e-con-inner\">\n\t\t\t\t\t<\/div>\n\t\t\t\t<\/div>\n\t\t<div class=\"elementor-element elementor-element-e61ddd8 e-flex e-con-boxed e-con e-parent\" data-id=\"e61ddd8\" data-element_type=\"container\" data-e-type=\"container\">\n\t\t\t\t\t<div class=\"e-con-inner\">\n\t\t<div class=\"elementor-element elementor-element-7ba16f5 e-con-full e-flex e-con e-child\" data-id=\"7ba16f5\" data-element_type=\"container\" data-e-type=\"container\">\n\t\t<div class=\"elementor-element elementor-element-2cdd656 e-con-full e-flex e-con e-child\" data-id=\"2cdd656\" data-element_type=\"container\" data-e-type=\"container\">\n\t\t\t\t<div class=\"elementor-element elementor-element-884eb59 elementor-widget__width-auto elementor-widget elementor-widget-button\" data-id=\"884eb59\" data-element_type=\"widget\" data-e-type=\"widget\" data-widget_type=\"button.default\">\n\t\t\t\t<div class=\"elementor-widget-container\">\n\t\t\t\t\t\t\t\t\t<div class=\"elementor-button-wrapper\">\n\t\t\t\t\t<a class=\"elementor-button elementor-button-link elementor-size-sm\" href=\"https:\/\/brigittasimon.com\/media\/\">\n\t\t\t\t\t\t<span class=\"elementor-button-content-wrapper\">\n\t\t\t\t\t\t\t\t\t<span class=\"elementor-button-text\">All<\/span>\n\t\t\t\t\t<\/span>\n\t\t\t\t\t<\/a>\n\t\t\t\t<\/div>\n\t\t\t\t\t\t\t\t<\/div>\n\t\t\t\t<\/div>\n\t\t\t\t<div class=\"elementor-element elementor-element-6c28a87 elementor-widget__width-auto elementor-widget elementor-widget-button\" data-id=\"6c28a87\" data-element_type=\"widget\" data-e-type=\"widget\" data-widget_type=\"button.default\">\n\t\t\t\t<div class=\"elementor-widget-container\">\n\t\t\t\t\t\t\t\t\t<div class=\"elementor-button-wrapper\">\n\t\t\t\t\t<a class=\"elementor-button elementor-button-link elementor-size-sm\" href=\"https:\/\/brigittasimon.com\/book\/\">\n\t\t\t\t\t\t<span class=\"elementor-button-content-wrapper\">\n\t\t\t\t\t\t\t\t\t<span class=\"elementor-button-text\">Book<\/span>\n\t\t\t\t\t<\/span>\n\t\t\t\t\t<\/a>\n\t\t\t\t<\/div>\n\t\t\t\t\t\t\t\t<\/div>\n\t\t\t\t<\/div>\n\t\t\t\t<div class=\"elementor-element elementor-element-12af95e elementor-widget__width-auto elementor-widget elementor-widget-button\" data-id=\"12af95e\" data-element_type=\"widget\" data-e-type=\"widget\" data-widget_type=\"button.default\">\n\t\t\t\t<div class=\"elementor-widget-container\">\n\t\t\t\t\t\t\t\t\t<div class=\"elementor-button-wrapper\">\n\t\t\t\t\t<a class=\"elementor-button elementor-button-link elementor-size-sm\" href=\"https:\/\/brigittasimon.com\/cd-dvd\/\">\n\t\t\t\t\t\t<span class=\"elementor-button-content-wrapper\">\n\t\t\t\t\t\t\t\t\t<span class=\"elementor-button-text\">CD \/ DVD<\/span>\n\t\t\t\t\t<\/span>\n\t\t\t\t\t<\/a>\n\t\t\t\t<\/div>\n\t\t\t\t\t\t\t\t<\/div>\n\t\t\t\t<\/div>\n\t\t\t\t<\/div>\n\t\t\t\t<\/div>\n\t\t\t\t\t<\/div>\n\t\t\t\t<\/div>\n\t\t<div class=\"elementor-element elementor-element-1ded048 e-flex e-con-boxed e-con e-parent\" data-id=\"1ded048\" data-element_type=\"container\" data-e-type=\"container\">\n\t\t\t\t\t<div class=\"e-con-inner\">\n\t\t\t\t<div class=\"elementor-element elementor-element-94c660c elementor-grid-1 elementor-grid-tablet-2 elementor-grid-mobile-1 elementor-widget elementor-widget-loop-grid\" data-id=\"94c660c\" data-element_type=\"widget\" data-e-type=\"widget\" data-settings=\"{&quot;template_id&quot;:&quot;1048&quot;,&quot;columns&quot;:1,&quot;_skin&quot;:&quot;post&quot;,&quot;columns_tablet&quot;:&quot;2&quot;,&quot;columns_mobile&quot;:&quot;1&quot;,&quot;edit_handle_selector&quot;:&quot;[data-elementor-type=\\&quot;loop-item\\&quot;]&quot;,&quot;row_gap&quot;:{&quot;unit&quot;:&quot;px&quot;,&quot;size&quot;:&quot;&quot;,&quot;sizes&quot;:[]},&quot;row_gap_tablet&quot;:{&quot;unit&quot;:&quot;px&quot;,&quot;size&quot;:&quot;&quot;,&quot;sizes&quot;:[]},&quot;row_gap_mobile&quot;:{&quot;unit&quot;:&quot;px&quot;,&quot;size&quot;:&quot;&quot;,&quot;sizes&quot;:[]}}\" data-widget_type=\"loop-grid.post\">\n\t\t\t\t<div class=\"elementor-widget-container\">\n\t\t\t\t\t\t\t<div class=\"elementor-loop-container elementor-grid\" role=\"list\">\n\t\t<style id=\"loop-1048\">.elementor-1048 .elementor-element.elementor-element-26710cde{--display:flex;--flex-direction:row;--container-widget-width:initial;--container-widget-height:100%;--container-widget-flex-grow:1;--container-widget-align-self:stretch;--flex-wrap-mobile:wrap;--gap:0px 0px;--row-gap:0px;--column-gap:0px;border-style:solid;--border-style:solid;border-width:0px 0px 3px 0px;--border-top-width:0px;--border-right-width:0px;--border-bottom-width:3px;--border-left-width:0px;border-color:var( --e-global-color-accent );--border-color:var( --e-global-color-accent );--margin-top:0px;--margin-bottom:30px;--margin-left:0px;--margin-right:0px;--padding-top:20px;--padding-bottom:30px;--padding-left:0px;--padding-right:0px;}.elementor-1048 .elementor-element.elementor-element-26710cde:not(.elementor-motion-effects-element-type-background), .elementor-1048 .elementor-element.elementor-element-26710cde > .elementor-motion-effects-container > .elementor-motion-effects-layer{background-color:var( --e-global-color-089415c );}.elementor-1048 .elementor-element.elementor-element-67683d73{--display:flex;--flex-direction:column;--container-widget-width:100%;--container-widget-height:initial;--container-widget-flex-grow:0;--container-widget-align-self:initial;--flex-wrap-mobile:wrap;--padding-top:20px;--padding-bottom:30px;--padding-left:28px;--padding-right:28px;}.elementor-widget-theme-post-featured-image .widget-image-caption{color:var( --e-global-color-text );font-family:var( --e-global-typography-text-font-family ), Sans-serif;font-weight:var( --e-global-typography-text-font-weight );}.elementor-1048 .elementor-element.elementor-element-6a30ee20{--display:flex;--flex-direction:column;--container-widget-width:100%;--container-widget-height:initial;--container-widget-flex-grow:0;--container-widget-align-self:initial;--flex-wrap-mobile:wrap;--padding-top:20px;--padding-bottom:0px;--padding-left:28px;--padding-right:28px;}.elementor-widget-theme-post-title .elementor-heading-title{font-family:var( --e-global-typography-primary-font-family ), Sans-serif;font-weight:var( --e-global-typography-primary-font-weight );color:var( --e-global-color-primary );}.elementor-1048 .elementor-element.elementor-element-3a171ceb .elementor-heading-title{font-family:\"Inter-Semibold\", Sans-serif;font-size:28px;font-weight:500;line-height:1.3em;color:var( --e-global-color-text );}.elementor-widget-theme-post-content{color:var( --e-global-color-text );font-family:var( --e-global-typography-text-font-family ), Sans-serif;font-weight:var( --e-global-typography-text-font-weight );}.elementor-1048 .elementor-element.elementor-element-e67d02b{font-family:\"Inter-Regular\", Sans-serif;font-weight:400;}@media(min-width:768px){.elementor-1048 .elementor-element.elementor-element-26710cde{--content-width:1280px;}.elementor-1048 .elementor-element.elementor-element-67683d73{--width:30%;}.elementor-1048 .elementor-element.elementor-element-6a30ee20{--width:68%;}}<\/style>\t\t<div data-elementor-type=\"loop-item\" data-elementor-id=\"1048\" class=\"elementor elementor-1048 e-loop-item e-loop-item-487 post-487 post type-post status-publish format-standard has-post-thumbnail hentry category-book\" data-elementor-post-type=\"elementor_library\" data-custom-edit-handle=\"1\">\n\t\t\t<div class=\"elementor-element elementor-element-26710cde e-flex e-con-boxed e-con e-parent\" data-id=\"26710cde\" data-element_type=\"container\" data-e-type=\"container\" data-settings=\"{&quot;background_background&quot;:&quot;classic&quot;}\">\n\t\t\t\t\t<div class=\"e-con-inner\">\n\t\t<div class=\"elementor-element elementor-element-67683d73 e-con-full e-flex e-con e-child\" data-id=\"67683d73\" data-element_type=\"container\" data-e-type=\"container\">\n\t\t\t\t<div class=\"elementor-element elementor-element-28a09957 elementor-widget elementor-widget-theme-post-featured-image elementor-widget-image\" data-id=\"28a09957\" data-element_type=\"widget\" data-e-type=\"widget\" data-widget_type=\"theme-post-featured-image.default\">\n\t\t\t\t<div class=\"elementor-widget-container\">\n\t\t\t\t\t\t\t\t\t\t\t\t\t\t\t<img fetchpriority=\"high\" decoding=\"async\" width=\"250\" height=\"351\" src=\"https:\/\/brigittasimon.com\/wp-content\/uploads\/2024\/08\/Ich-muss-e1724845929752.webp\" class=\"attachment-large size-large wp-image-488\" alt=\"\" \/>\t\t\t\t\t\t\t\t\t\t\t\t\t\t\t<\/div>\n\t\t\t\t<\/div>\n\t\t\t\t<\/div>\n\t\t<div class=\"elementor-element elementor-element-6a30ee20 e-con-full e-flex e-con e-child\" data-id=\"6a30ee20\" data-element_type=\"container\" data-e-type=\"container\">\n\t\t\t\t<div class=\"elementor-element elementor-element-3a171ceb elementor-widget elementor-widget-theme-post-title elementor-page-title elementor-widget-heading\" data-id=\"3a171ceb\" data-element_type=\"widget\" data-e-type=\"widget\" data-widget_type=\"theme-post-title.default\">\n\t\t\t\t<div class=\"elementor-widget-container\">\n\t\t\t\t\t<h2 class=\"elementor-heading-title elementor-size-default\">\u201eIch muss Ihnen ein Gest\u00e4ndnis machen: Ich bin ein Stubenm\u00e4dchen!\u201d<\/h2>\t\t\t\t<\/div>\n\t\t\t\t<\/div>\n\t\t\t\t<div class=\"elementor-element elementor-element-e67d02b elementor-widget elementor-widget-theme-post-content\" data-id=\"e67d02b\" data-element_type=\"widget\" data-e-type=\"widget\" data-widget_type=\"theme-post-content.default\">\n\t\t\t\t<div class=\"elementor-widget-container\">\n\t\t\t\t\t\n<p> &#8211; Rollenanalyse der Adele aus \u201eDie Fledermaus\u201d von J. Strauss \u2013<\/p>\n\n\n\n<p>2015<\/p>\n\n\n\n<p class=\"gomb-link\"><strong><a href=\"https:\/\/www.morebooks.shop\/shop-ui\/shop\/product\/9783639851731\" target=\"_blank\" rel=\"noreferrer noopener\">Info &amp; Buy<\/a><\/strong><\/p>\n\n\n\n<p><\/p>\n\t\t\t\t<\/div>\n\t\t\t\t<\/div>\n\t\t\t\t<\/div>\n\t\t\t\t\t<\/div>\n\t\t\t\t<\/div>\n\t\t\t\t<\/div>\n\t\t\t\t<div data-elementor-type=\"loop-item\" data-elementor-id=\"1048\" class=\"elementor elementor-1048 e-loop-item e-loop-item-506 post-506 post type-post status-publish format-standard has-post-thumbnail hentry category-book\" data-elementor-post-type=\"elementor_library\" data-custom-edit-handle=\"1\">\n\t\t\t<div class=\"elementor-element elementor-element-26710cde e-flex e-con-boxed e-con e-parent\" data-id=\"26710cde\" data-element_type=\"container\" data-e-type=\"container\" data-settings=\"{&quot;background_background&quot;:&quot;classic&quot;}\">\n\t\t\t\t\t<div class=\"e-con-inner\">\n\t\t<div class=\"elementor-element elementor-element-67683d73 e-con-full e-flex e-con e-child\" data-id=\"67683d73\" data-element_type=\"container\" data-e-type=\"container\">\n\t\t\t\t<div class=\"elementor-element elementor-element-28a09957 elementor-widget elementor-widget-theme-post-featured-image elementor-widget-image\" data-id=\"28a09957\" data-element_type=\"widget\" data-e-type=\"widget\" data-widget_type=\"theme-post-featured-image.default\">\n\t\t\t\t<div class=\"elementor-widget-container\">\n\t\t\t\t\t\t\t\t\t\t\t\t\t\t\t<img decoding=\"async\" width=\"250\" height=\"351\" src=\"https:\/\/brigittasimon.com\/wp-content\/uploads\/2024\/08\/Ungarn-in-der-Operette-e1724845947302.webp\" class=\"attachment-large size-large wp-image-507\" alt=\"\" \/>\t\t\t\t\t\t\t\t\t\t\t\t\t\t\t<\/div>\n\t\t\t\t<\/div>\n\t\t\t\t<\/div>\n\t\t<div class=\"elementor-element elementor-element-6a30ee20 e-con-full e-flex e-con e-child\" data-id=\"6a30ee20\" data-element_type=\"container\" data-e-type=\"container\">\n\t\t\t\t<div class=\"elementor-element elementor-element-3a171ceb elementor-widget elementor-widget-theme-post-title elementor-page-title elementor-widget-heading\" data-id=\"3a171ceb\" data-element_type=\"widget\" data-e-type=\"widget\" data-widget_type=\"theme-post-title.default\">\n\t\t\t\t<div class=\"elementor-widget-container\">\n\t\t\t\t\t<h2 class=\"elementor-heading-title elementor-size-default\">\u201eUngarn in der Operette\u201d<\/h2>\t\t\t\t<\/div>\n\t\t\t\t<\/div>\n\t\t\t\t<div class=\"elementor-element elementor-element-e67d02b elementor-widget elementor-widget-theme-post-content\" data-id=\"e67d02b\" data-element_type=\"widget\" data-e-type=\"widget\" data-widget_type=\"theme-post-content.default\">\n\t\t\t\t<div class=\"elementor-widget-container\">\n\t\t\t\t\t\n<p>&#8211; Von Strauss bis Stolz \u2013<\/p>\n\n\n\n<p>2017<\/p>\n\n\n\n<p class=\"gomb-link\"><a href=\"https:\/\/www.morebooks.shop\/shop-ui\/shop\/product\/9786202204446\" target=\"_blank\" rel=\"noreferrer noopener\">Info &amp; Buy<\/a><\/p>\n\t\t\t\t<\/div>\n\t\t\t\t<\/div>\n\t\t\t\t<\/div>\n\t\t\t\t\t<\/div>\n\t\t\t\t<\/div>\n\t\t\t\t<\/div>\n\t\t\t\t<div data-elementor-type=\"loop-item\" data-elementor-id=\"1048\" class=\"elementor elementor-1048 e-loop-item e-loop-item-509 post-509 post type-post status-publish format-standard has-post-thumbnail hentry category-book\" data-elementor-post-type=\"elementor_library\" data-custom-edit-handle=\"1\">\n\t\t\t<div class=\"elementor-element elementor-element-26710cde e-flex e-con-boxed e-con e-parent\" data-id=\"26710cde\" data-element_type=\"container\" data-e-type=\"container\" data-settings=\"{&quot;background_background&quot;:&quot;classic&quot;}\">\n\t\t\t\t\t<div class=\"e-con-inner\">\n\t\t<div class=\"elementor-element elementor-element-67683d73 e-con-full e-flex e-con e-child\" data-id=\"67683d73\" data-element_type=\"container\" data-e-type=\"container\">\n\t\t\t\t<div class=\"elementor-element elementor-element-28a09957 elementor-widget elementor-widget-theme-post-featured-image elementor-widget-image\" data-id=\"28a09957\" data-element_type=\"widget\" data-e-type=\"widget\" data-widget_type=\"theme-post-featured-image.default\">\n\t\t\t\t<div class=\"elementor-widget-container\">\n\t\t\t\t\t\t\t\t\t\t\t\t\t\t\t<img decoding=\"async\" width=\"250\" height=\"351\" src=\"https:\/\/brigittasimon.com\/wp-content\/uploads\/2024\/08\/Musiktheater-e1724845962570.webp\" class=\"attachment-large size-large wp-image-510\" alt=\"\" \/>\t\t\t\t\t\t\t\t\t\t\t\t\t\t\t<\/div>\n\t\t\t\t<\/div>\n\t\t\t\t<\/div>\n\t\t<div class=\"elementor-element elementor-element-6a30ee20 e-con-full e-flex e-con e-child\" data-id=\"6a30ee20\" data-element_type=\"container\" data-e-type=\"container\">\n\t\t\t\t<div class=\"elementor-element elementor-element-3a171ceb elementor-widget elementor-widget-theme-post-title elementor-page-title elementor-widget-heading\" data-id=\"3a171ceb\" data-element_type=\"widget\" data-e-type=\"widget\" data-widget_type=\"theme-post-title.default\">\n\t\t\t\t<div class=\"elementor-widget-container\">\n\t\t\t\t\t<h2 class=\"elementor-heading-title elementor-size-default\">\u201eMusiktheater von der Ausbildung bis zur Opernb\u00fchne\u201d<\/h2>\t\t\t\t<\/div>\n\t\t\t\t<\/div>\n\t\t\t\t<div class=\"elementor-element elementor-element-e67d02b elementor-widget elementor-widget-theme-post-content\" data-id=\"e67d02b\" data-element_type=\"widget\" data-e-type=\"widget\" data-widget_type=\"theme-post-content.default\">\n\t\t\t\t<div class=\"elementor-widget-container\">\n\t\t\t\t\t\n<p>Eine klare Anweisung f\u00fcr S\u00e4ngerInnen und Gesangsp\u00e4dagogInnen, um die sensiblen Fragen zu<br>beantworten<\/p>\n\n\n\n<p>2017<\/p>\n\n\n\n<p class=\"gomb-link\"><a href=\"https:\/\/www.morebooks.shop\/shop-ui\/shop\/product\/9786202205399\" target=\"_blank\" rel=\"noreferrer noopener\">Info &amp; Buy<\/a><\/p>\n\t\t\t\t<\/div>\n\t\t\t\t<\/div>\n\t\t\t\t<\/div>\n\t\t\t\t\t<\/div>\n\t\t\t\t<\/div>\n\t\t\t\t<\/div>\n\t\t\t\t<\/div>\n\t\t\n\t\t\t\t\t\t<\/div>\n\t\t\t\t<\/div>\n\t\t\t\t\t<\/div>\n\t\t\t\t<\/div>\n\t\t\t\t<\/div>\n\t\t","protected":false},"excerpt":{"rendered":"<p>All Book CD \/ DVD<\/p>","protected":false},"author":1,"featured_media":0,"parent":0,"menu_order":0,"comment_status":"closed","ping_status":"closed","template":"","meta":{"_acf_changed":false,"footnotes":""},"class_list":["post-1931","page","type-page","status-publish","hentry"],"acf":[],"_links":{"self":[{"href":"https:\/\/brigittasimon.com\/de\/wp-json\/wp\/v2\/pages\/1931","targetHints":{"allow":["GET"]}}],"collection":[{"href":"https:\/\/brigittasimon.com\/de\/wp-json\/wp\/v2\/pages"}],"about":[{"href":"https:\/\/brigittasimon.com\/de\/wp-json\/wp\/v2\/types\/page"}],"author":[{"embeddable":true,"href":"https:\/\/brigittasimon.com\/de\/wp-json\/wp\/v2\/users\/1"}],"replies":[{"embeddable":true,"href":"https:\/\/brigittasimon.com\/de\/wp-json\/wp\/v2\/comments?post=1931"}],"version-history":[{"count":22,"href":"https:\/\/brigittasimon.com\/de\/wp-json\/wp\/v2\/pages\/1931\/revisions"}],"predecessor-version":[{"id":2018,"href":"https:\/\/brigittasimon.com\/de\/wp-json\/wp\/v2\/pages\/1931\/revisions\/2018"}],"wp:attachment":[{"href":"https:\/\/brigittasimon.com\/de\/wp-json\/wp\/v2\/media?parent=1931"}],"curies":[{"name":"wp","href":"https:\/\/api.w.org\/{rel}","templated":true}]}}